{"id":1250,"date":"2019-11-28T09:19:37","date_gmt":"2019-11-28T08:19:37","guid":{"rendered":"https:\/\/www.chatamistrik.sk\/?page_id=1250"},"modified":"2021-08-09T16:30:17","modified_gmt":"2021-08-09T14:30:17","slug":"terms-and-conditions","status":"publish","type":"page","link":"https:\/\/www.chatamistrik.sk\/en\/terms-and-conditions\/","title":{"rendered":"Terms and conditions"},"content":{"rendered":"<p>Terms and conditions for providing short-term and long-term rental of accommodation Chata Mistr\u00edk.<\/p>\n<p><strong>1. General provisions<\/strong><br \/>\nProvider\u00b4s services are mainly short-term and long-term rental of the cottage for clients. Subject matter hereof is a provision of stay to the client in agreed date and scope.<\/p>\n<p>Only declared number of persons may be accommodated, any other persons must be reported in advance and paid for.<\/p>\n<p>The client is responsible for facility damages, which are caused by them or persons, who use the cottage with them. All damages caused intentionally or by the client\u00b4s negligence are considered to be the destruction of property and the client is required to pay for all the incurred damages.<\/p>\n<p>The client is required to immediately report all defects or failures, which are found in the cottage spaces, or adjacent land.<\/p>\n<p>For a report of damage applies 100 % of the price. For deliberate concealment applies 200 % of the price. If the client fails to pay the agreed amount, the facilitator assigns a claim to the third party, who is legally authorised to represent them.<\/p>\n<p>The client undertakes, that they shall pay for all the costs incurred by damaging the cottage equipment and caused by them or by persons, who used the cottage with them.<\/p>\n<p>At the end of the rent, the lessee undertakes to hand over the cottage in condition, in which they took it over.<\/p>\n<p>In case of an accident, injury or other unforeseen circumstances, the lessor or their representant, shall not be held in any case liable.<\/p>\n<p>In all cottage premises, smoking is forbidden. Smoking is allowed outside the premises of cottage and cigarettes butts must be picked up and thrown out.<\/p>\n<p>Silent hours are from 10:00 pm to 06:00 am.<\/p>\n<p>Client in the entire cottage and its surroundings cannot realise any changes or repairs of electric equipment or otherwise alter the electrical system.<\/p>\n<p>Provider reserves right to end the stay immediately, when the client fails to comply with the Terms and conditions for stay, or caused significant damage to the cottage and its equipment, or if the behaviour of client or persons, who use the cottage with them, is indecent.<\/p>\n<p>At the same time, the operator of Chata Mistr\u00edk reserves right not to allow next stay to the clients, who behaved in an aforementioned manner in past.<\/p>\n<p>By advance payment, the client accepts terms of cancellation and acknowledges, that they read, understood, agree and fully accept these Terms and conditions.<\/p>\n<p><strong>2. Duration<\/strong><br \/>\nThe contractual relationship between provider and user is established by realising telephone order or webpage order form confirmed by the provider and by paying the full amount for accommodation by the lessee (client). The contractual relationship terminates after the agreed period, which was reserved for the stay.<\/p>\n<p><strong>3. Booking<\/strong><br \/>\nThe client can book their stay directly at the webpage:<br \/>\n<a href=\"http:\/\/www.chatamistrik.sk\/\">www.chatamistrik.sk<\/a><\/p>\n<p>In such case, the provider shall notify the client on confirmation of their order and reservation of the cottage by 3 days, and this confirmation is binding for provider only after payment and crediting of the full amount to the provider\u00b4s bank account.<\/p>\n<p><strong>4. Rental price<\/strong><br \/>\nThe final rental price is based on the client\u00b4s requirements and according to the actual price list published on the webpage:<br \/>\n<a href=\"http:\/\/www.chatamistrik.sk\/\">www.chatamistrik.sk<\/a><\/p>\n<p><strong>5. Terms of payment<\/strong><br \/>\nThe full amount for accommodation shall be paid by 3 days as of provider\u00b4s confirmation of requested period.<\/p>\n<p>Only after receipt of payment on the provider\u00b4s account, the reservation is binding for both parties.<\/p>\n<p>The rental price includes all fees related to cottage usage.<\/p>\n<p>The refundable deposit of 100 \u20ac per apartment will be paid by the client to pay for the stay by transferring money to the bank account and after leaving the cottage without any damages, the refundable deposit will be returned within 48 hours from the end of the stay to the guest\u2019s bank account.<\/p>\n<p><strong>6. Rights and responsibilities of client and provider<\/strong><br \/>\nThe client is required to pay for the rental.<\/p>\n<p>The client is required to maintain the rented premises clean and neat.<\/p>\n<p>The client has the right to use rented premises, garden, garden grill, fireplace in the garden, gazebo, designated car parking space, common room for skis, sauna.<\/p>\n<p>If the client is a legal entity, they are required to report an entitled person to the provider.<\/p>\n<p><strong>7. The rental price does not include insurance of client.<\/strong><\/p>\n<p><strong>8. Order cancellation<\/strong><br \/>\na) If the client would like to cancel the order, the provider reserves right to the cancellation fee.<\/p>\n<p>The cancellation fee is as follows:<br \/>\n\u2013 more than 30 days before the stay begins \u2013 30 % from the total rental amount,<br \/>\n\u2013 less than 30 days (including) \u2013 50 % from total rental price,<br \/>\n\u2013 early termination of stay \u2013 80 % from the price for rest of the days, if not agreed otherwise,<br \/>\n\u2013 a week before the arrival to Chata Mistr\u00edk 100 % from the total rental price.<\/p>\n<p>b) Provider reserves right to cancel a reservation in case, that the rented object cannot be used due to unforeseen events. In such a case, the provider may offer a return of full credited amount to the client or agree on alternative dates for stay.<\/p>\n<p>c) Further changes to the order (change of dates) shall be considered as order cancellation and in such case, the provider has right to the cancellation fee.<\/p>\n","protected":false},"excerpt":{"rendered":"<p>Terms and conditions for providing short-term and long-term rental of accommodation Chata Mistr\u00edk. 1. General provisions Provider\u00b4s services are mainly short-term and long-term rental of  [&#8230;]<\/p>\n","protected":false},"author":1,"featured_media":0,"parent":0,"menu_order":0,"comment_status":"closed","ping_status":"closed","template":"","meta":{"footnotes":""},"class_list":["post-1250","page","type-page","status-publish","hentry"],"yoast_head":"<!-- This site is optimized with the Yoast SEO plugin v25.8 - https:\/\/yoast.com\/wordpress\/plugins\/seo\/ -->\n<title>Terms and conditions - Chata Mistr\u00edk<\/title>\n<meta name=\"robots\" content=\"index, follow, max-snippet:-1, max-image-preview:large, max-video-preview:-1\" \/>\n<link rel=\"canonical\" href=\"https:\/\/www.chatamistrik.sk\/en\/terms-and-conditions\/\" \/>\n<meta property=\"og:locale\" content=\"en_US\" \/>\n<meta property=\"og:type\" content=\"article\" \/>\n<meta property=\"og:title\" content=\"Terms and conditions - Chata Mistr\u00edk\" \/>\n<meta property=\"og:description\" content=\"Terms and conditions for providing short-term and long-term rental of accommodation Chata Mistr\u00edk. 1. General provisions Provider\u00b4s services are mainly short-term and long-term rental of [...]\" \/>\n<meta property=\"og:url\" content=\"https:\/\/www.chatamistrik.sk\/en\/terms-and-conditions\/\" \/>\n<meta property=\"og:site_name\" content=\"Chata Mistr\u00edk\" \/>\n<meta property=\"article:modified_time\" content=\"2021-08-09T14:30:17+00:00\" \/>\n<meta name=\"twitter:card\" content=\"summary_large_image\" \/>\n<meta name=\"twitter:label1\" content=\"Est. reading time\" \/>\n\t<meta name=\"twitter:data1\" content=\"4 minutes\" \/>\n<script type=\"application\/ld+json\" class=\"yoast-schema-graph\">{\"@context\":\"https:\/\/schema.org\",\"@graph\":[{\"@type\":\"WebPage\",\"@id\":\"https:\/\/www.chatamistrik.sk\/en\/terms-and-conditions\/\",\"url\":\"https:\/\/www.chatamistrik.sk\/en\/terms-and-conditions\/\",\"name\":\"Terms and conditions - Chata Mistr\u00edk\",\"isPartOf\":{\"@id\":\"https:\/\/www.chatamistrik.sk\/#website\"},\"datePublished\":\"2019-11-28T08:19:37+00:00\",\"dateModified\":\"2021-08-09T14:30:17+00:00\",\"breadcrumb\":{\"@id\":\"https:\/\/www.chatamistrik.sk\/en\/terms-and-conditions\/#breadcrumb\"},\"inLanguage\":\"en-US\",\"potentialAction\":[{\"@type\":\"ReadAction\",\"target\":[\"https:\/\/www.chatamistrik.sk\/en\/terms-and-conditions\/\"]}]},{\"@type\":\"BreadcrumbList\",\"@id\":\"https:\/\/www.chatamistrik.sk\/en\/terms-and-conditions\/#breadcrumb\",\"itemListElement\":[{\"@type\":\"ListItem\",\"position\":1,\"name\":\"Home\",\"item\":\"https:\/\/www.chatamistrik.sk\/en\/\"},{\"@type\":\"ListItem\",\"position\":2,\"name\":\"Terms and conditions\"}]},{\"@type\":\"WebSite\",\"@id\":\"https:\/\/www.chatamistrik.sk\/#website\",\"url\":\"https:\/\/www.chatamistrik.sk\/\",\"name\":\"Chata Mistr\u00edk\",\"description\":\"Len \u010fal\u0161ia WordPress str\u00e1nka\",\"potentialAction\":[{\"@type\":\"SearchAction\",\"target\":{\"@type\":\"EntryPoint\",\"urlTemplate\":\"https:\/\/www.chatamistrik.sk\/?s={search_term_string}\"},\"query-input\":{\"@type\":\"PropertyValueSpecification\",\"valueRequired\":true,\"valueName\":\"search_term_string\"}}],\"inLanguage\":\"en-US\"}]}<\/script>\n<!-- \/ Yoast SEO plugin. -->","yoast_head_json":{"title":"Terms and conditions - Chata Mistr\u00edk","robots":{"index":"index","follow":"follow","max-snippet":"max-snippet:-1","max-image-preview":"max-image-preview:large","max-video-preview":"max-video-preview:-1"},"canonical":"https:\/\/www.chatamistrik.sk\/en\/terms-and-conditions\/","og_locale":"en_US","og_type":"article","og_title":"Terms and conditions - Chata Mistr\u00edk","og_description":"Terms and conditions for providing short-term and long-term rental of accommodation Chata Mistr\u00edk. 1. General provisions Provider\u00b4s services are mainly short-term and long-term rental of [...]","og_url":"https:\/\/www.chatamistrik.sk\/en\/terms-and-conditions\/","og_site_name":"Chata Mistr\u00edk","article_modified_time":"2021-08-09T14:30:17+00:00","twitter_card":"summary_large_image","twitter_misc":{"Est. reading time":"4 minutes"},"schema":{"@context":"https:\/\/schema.org","@graph":[{"@type":"WebPage","@id":"https:\/\/www.chatamistrik.sk\/en\/terms-and-conditions\/","url":"https:\/\/www.chatamistrik.sk\/en\/terms-and-conditions\/","name":"Terms and conditions - Chata Mistr\u00edk","isPartOf":{"@id":"https:\/\/www.chatamistrik.sk\/#website"},"datePublished":"2019-11-28T08:19:37+00:00","dateModified":"2021-08-09T14:30:17+00:00","breadcrumb":{"@id":"https:\/\/www.chatamistrik.sk\/en\/terms-and-conditions\/#breadcrumb"},"inLanguage":"en-US","potentialAction":[{"@type":"ReadAction","target":["https:\/\/www.chatamistrik.sk\/en\/terms-and-conditions\/"]}]},{"@type":"BreadcrumbList","@id":"https:\/\/www.chatamistrik.sk\/en\/terms-and-conditions\/#breadcrumb","itemListElement":[{"@type":"ListItem","position":1,"name":"Home","item":"https:\/\/www.chatamistrik.sk\/en\/"},{"@type":"ListItem","position":2,"name":"Terms and conditions"}]},{"@type":"WebSite","@id":"https:\/\/www.chatamistrik.sk\/#website","url":"https:\/\/www.chatamistrik.sk\/","name":"Chata Mistr\u00edk","description":"Len \u010fal\u0161ia WordPress str\u00e1nka","potentialAction":[{"@type":"SearchAction","target":{"@type":"EntryPoint","urlTemplate":"https:\/\/www.chatamistrik.sk\/?s={search_term_string}"},"query-input":{"@type":"PropertyValueSpecification","valueRequired":true,"valueName":"search_term_string"}}],"inLanguage":"en-US"}]}},"_links":{"self":[{"href":"https:\/\/www.chatamistrik.sk\/en\/wp-json\/wp\/v2\/pages\/1250","targetHints":{"allow":["GET"]}}],"collection":[{"href":"https:\/\/www.chatamistrik.sk\/en\/wp-json\/wp\/v2\/pages"}],"about":[{"href":"https:\/\/www.chatamistrik.sk\/en\/wp-json\/wp\/v2\/types\/page"}],"author":[{"embeddable":true,"href":"https:\/\/www.chatamistrik.sk\/en\/wp-json\/wp\/v2\/users\/1"}],"replies":[{"embeddable":true,"href":"https:\/\/www.chatamistrik.sk\/en\/wp-json\/wp\/v2\/comments?post=1250"}],"version-history":[{"count":4,"href":"https:\/\/www.chatamistrik.sk\/en\/wp-json\/wp\/v2\/pages\/1250\/revisions"}],"predecessor-version":[{"id":1748,"href":"https:\/\/www.chatamistrik.sk\/en\/wp-json\/wp\/v2\/pages\/1250\/revisions\/1748"}],"wp:attachment":[{"href":"https:\/\/www.chatamistrik.sk\/en\/wp-json\/wp\/v2\/media?parent=1250"}],"curies":[{"name":"wp","href":"https:\/\/api.w.org\/{rel}","templated":true}]}}