{"id":1436,"date":"2019-12-12T16:50:35","date_gmt":"2019-12-12T15:50:35","guid":{"rendered":"https:\/\/www.chatamistrik.sk\/?page_id=1436"},"modified":"2019-12-12T16:51:08","modified_gmt":"2019-12-12T15:51:08","slug":"rolunk","status":"publish","type":"page","link":"https:\/\/www.chatamistrik.sk\/hu\/rolunk\/","title":{"rendered":"R\u00f3lunk"},"content":{"rendered":"<p><div class=\"fusion-fullwidth fullwidth-box fusion-builder-row-1 nonhundred-percent-fullwidth non-hundred-percent-height-scrolling\" style=\"--awb-border-radius-top-left:0px;--awb-border-radius-top-right:0px;--awb-border-radius-bottom-right:0px;--awb-border-radius-bottom-left:0px;--awb-padding-top:67px;--awb-flex-wrap:wrap;\" ><div class=\"fusion-builder-row fusion-row\"><div class=\"fusion-layout-column fusion_builder_column fusion-builder-column-0 fusion_builder_column_1_2 1_2 fusion-one-half fusion-column-first\" style=\"--awb-padding-top:38px;--awb-padding-bottom:82px;--awb-bg-size:cover;--awb-margin-bottom:2px;width:50%;width:calc(50% - ( ( 3% ) * 0.5 ) );margin-right: 3%;\"><div class=\"fusion-column-wrapper fusion-column-has-shadow fusion-flex-column-wrapper-legacy\"><div class=\"fusion-column-content-centered\"><div class=\"fusion-column-content\"><div class=\"fusion-text fusion-text-1\"><h3>Elvar\u00e1zsolt benn\u00fcnket<\/h3>\n<p>Mistr\u00edk \u00far \u00e9lett\u00f6rt\u00e9nete \u00e9s a nyugodt \u00e9let\u00e9nek \u00fczenete, amely harm\u00f3ni\u00e1ban van a term\u00e9szettel, illetve kincseivel. Ez\u00e9rt d\u00f6nt\u00f6tt\u00fcnk \u00fagy, hogy a lehet\u0151 legt\u00f6bbet megtartunk az eredeti h\u00e1zb\u00f3l, amelyben lakott, \u00e9s l\u00e9trehozunk egy autentikus l\u00e9gk\u00f6rt. A padon \u00e9s a pinc\u00e9ben, megtal\u00e1ltuk a csod\u00e1s rajzait, amelyek ihletet ny\u00fajtottak a sz\u00e1munkra.<\/p>\n<\/div><\/div><\/div><div class=\"fusion-clearfix\"><\/div><\/div><\/div><div class=\"fusion-layout-column fusion_builder_column fusion-builder-column-1 fusion_builder_column_1_2 1_2 fusion-one-half fusion-column-last\" style=\"--awb-bg-size:cover;--awb-margin-bottom:0px;width:50%;width:calc(50% - ( ( 3% ) * 0.5 ) );\"><div class=\"fusion-column-wrapper fusion-column-has-shadow fusion-flex-column-wrapper-legacy\"><div class=\"fusion-image-element in-legacy-container\" style=\"--awb-caption-title-font-family:var(--h2_typography-font-family);--awb-caption-title-font-weight:var(--h2_typography-font-weight);--awb-caption-title-font-style:var(--h2_typography-font-style);--awb-caption-title-size:var(--h2_typography-font-size);--awb-caption-title-transform:var(--h2_typography-text-transform);--awb-caption-title-line-height:var(--h2_typography-line-height);--awb-caption-title-letter-spacing:var(--h2_typography-letter-spacing);\"><span class=\" fusion-imageframe imageframe-none imageframe-1 hover-type-none\"><img decoding=\"async\" width=\"1500\" height=\"1000\" title=\"mistrik-3760\" src=\"https:\/\/www.chatamistrik.sk\/wp-content\/uploads\/2019\/10\/mistrik-3760.jpg\" alt class=\"img-responsive wp-image-1490\" srcset=\"https:\/\/www.chatamistrik.sk\/wp-content\/uploads\/2019\/10\/mistrik-3760-200x133.jpg 200w, https:\/\/www.chatamistrik.sk\/wp-content\/uploads\/2019\/10\/mistrik-3760-400x267.jpg 400w, https:\/\/www.chatamistrik.sk\/wp-content\/uploads\/2019\/10\/mistrik-3760-600x400.jpg 600w, https:\/\/www.chatamistrik.sk\/wp-content\/uploads\/2019\/10\/mistrik-3760-800x533.jpg 800w, https:\/\/www.chatamistrik.sk\/wp-content\/uploads\/2019\/10\/mistrik-3760-1200x800.jpg 1200w, https:\/\/www.chatamistrik.sk\/wp-content\/uploads\/2019\/10\/mistrik-3760.jpg 1500w\" sizes=\"(max-width: 800px) 100vw, 600px\" \/><\/span><\/div><div class=\"fusion-clearfix\"><\/div><\/div><\/div><\/div><\/div><div class=\"fusion-fullwidth fullwidth-box fusion-builder-row-2 nonhundred-percent-fullwidth non-hundred-percent-height-scrolling\" style=\"--awb-border-radius-top-left:0px;--awb-border-radius-top-right:0px;--awb-border-radius-bottom-right:0px;--awb-border-radius-bottom-left:0px;--awb-padding-top:51px;--awb-flex-wrap:wrap;\" ><div class=\"fusion-builder-row fusion-row\"><div class=\"fusion-layout-column fusion_builder_column fusion-builder-column-2 fusion_builder_column_1_2 1_2 fusion-one-half fusion-column-first\" style=\"--awb-padding-bottom:120px;--awb-bg-image:url(&#039;https:\/\/www.chatamistrik.sk\/wp-content\/uploads\/2019\/10\/mistrik-3753.jpg&#039;);--awb-bg-size:cover;--awb-margin-bottom:0px;width:50%;width:calc(50% - ( ( 4% ) * 0.5 ) );margin-right: 4%;\"><div class=\"fusion-column-wrapper fusion-column-has-shadow fusion-flex-column-wrapper-legacy fusion-empty-column-bg-image fusion-column-has-bg-image\" data-bg-url=\"https:\/\/www.chatamistrik.sk\/wp-content\/uploads\/2019\/10\/mistrik-3753.jpg\"><img decoding=\"async\" class=\"fusion-empty-dims-img-placeholder\" aria-label=\"mistrik-3753\" src=\"data:image\/svg+xml,%3Csvg%20xmlns%3D%27http%3A%2F%2Fwww.w3.org%2F2000%2Fsvg%27%20width%3D%271000%27%20height%3D%271500%27%20viewBox%3D%270%200%201000%201500%27%3E%3Crect%20width%3D%271000%27%20height%3D%271500%27%20fill-opacity%3D%220%22%2F%3E%3C%2Fsvg%3E\"><div class=\"fusion-clearfix\"><\/div><\/div><\/div><div class=\"fusion-layout-column fusion_builder_column fusion-builder-column-3 fusion_builder_column_1_2 1_2 fusion-one-half fusion-column-last\" style=\"--awb-padding-top:251px;--awb-padding-bottom:139px;--awb-bg-size:cover;width:50%;width:calc(50% - ( ( 4% ) * 0.5 ) );\"><div class=\"fusion-column-wrapper fusion-column-has-shadow fusion-flex-column-wrapper-legacy\"><div class=\"fusion-column-content-centered\"><div class=\"fusion-column-content\"><div class=\"fusion-text fusion-text-2\"><p style=\"text-align: left;\">Bekeretezt\u00fck \u0151ket, \u00e9s most a bels\u0151 t\u00e9r elv\u00e1laszthatatlan r\u00e9sz\u00e9t k\u00e9pezik, amelyre k\u00fcl\u00f6n\u00f6sen nagy figyelmet szentelt\u00fcnk. A korabeli m\u0171t\u00e1rgyak t\u00f6bbs\u00e9ge, pont Mistr\u00edk \u00far tulajdon\u00e1t k\u00e9pezte. \u00d6sszek\u00f6t\u00f6tt\u00fck a modern st\u00edlust a hagyom\u00e1nyossal, hogy vend\u00e9geink sz\u00e1m\u00e1ra egyedi \u00e9lm\u00e9nyt hozzunk l\u00e9tre, amely tiszteletben tartja azon igazi \u00e9rt\u00e9keket, amelyekben hisz\u00fcnk.<\/p>\n<\/div><div class=\"fusion-sep-clear\"><\/div><div class=\"fusion-separator fusion-clearfix\" style=\"float:left;margin-top:20px;width:100%;max-width:200px;\"><div class=\"fusion-separator-border sep-single sep-solid\" style=\"--awb-height:20px;--awb-amount:20px;--awb-sep-color:#000000;border-color:#000000;border-top-width:1px;\"><\/div><\/div><div class=\"fusion-sep-clear\"><\/div><div class=\"fusion-text fusion-text-3\"><h3>A Mistr\u00edk v\u00edkendh\u00e1zban<\/h3>\n<p>h\u00e1rom apartmanban k\u00edn\u00e1lunk sz\u00e1ll\u00e1st az \u00d6n sz\u00e1m\u00e1ra. Mindegyik apartman saj\u00e1t bej\u00e1rattal rendelkezik. A v\u00edkendh\u00e1z mellett fedett parkol\u00e1s biztos\u00edtott. A kertben biztosan \u00f6r\u00f6met szerez \u00d6nnek a hord\u00f3 szauna, k\u00e9t t\u0171zhely \u00e9s 3 k\u00e9nyelmes \u00fcl\u0151hely a csobog\u00f3 iv\u00f3-v\u00edz forr\u00e1s mellett.<\/p>\n<\/div><div class=\"fusion-sep-clear\"><\/div><div class=\"fusion-separator fusion-clearfix\" style=\"float:left;margin-top:20px;margin-bottom:10px;width:100%;max-width:200px;\"><\/div><div class=\"fusion-sep-clear\"><\/div><div class=\"fusion-button-wrapper\"><a class=\"fusion-button button-flat button-medium button-default fusion-button-default button-1 fusion-button-default-span fusion-button-default-type\" target=\"_self\" href=\"https:\/\/www.chatamistrik.sk\/hu\/apartmanok\/\"><span class=\"fusion-button-text awb-button__text awb-button__text--default\">ISMERJE MEG APARTMANJAINKAT<\/span><\/a><\/div><\/div><\/div><div class=\"fusion-clearfix\"><\/div><\/div><\/div><\/div><\/div><div class=\"fusion-fullwidth fullwidth-box fusion-builder-row-3 fusion-parallax-none nonhundred-percent-fullwidth non-hundred-percent-height-scrolling\" style=\"--awb-border-radius-top-left:0px;--awb-border-radius-top-right:0px;--awb-border-radius-bottom-right:0px;--awb-border-radius-bottom-left:0px;--awb-padding-top:59px;--awb-padding-bottom:229px;--awb-background-image:url(&quot;https:\/\/www.chatamistrik.sk\/wp-content\/uploads\/2019\/09\/forest4.png&quot;);--awb-background-size:cover;--awb-flex-wrap:wrap;\" ><div class=\"fusion-builder-row fusion-row\"><div class=\"fusion-layout-column fusion_builder_column fusion-builder-column-4 fusion_builder_column_1_2 1_2 fusion-one-half fusion-column-first\" style=\"--awb-bg-size:cover;width:50%;width:calc(50% - ( ( 4% ) * 0.5 ) );margin-right: 4%;\"><div class=\"fusion-column-wrapper fusion-column-has-shadow fusion-flex-column-wrapper-legacy\"><div class=\"fusion-image-element in-legacy-container\" style=\"--awb-caption-title-font-family:var(--h2_typography-font-family);--awb-caption-title-font-weight:var(--h2_typography-font-weight);--awb-caption-title-font-style:var(--h2_typography-font-style);--awb-caption-title-size:var(--h2_typography-font-size);--awb-caption-title-transform:var(--h2_typography-text-transform);--awb-caption-title-line-height:var(--h2_typography-line-height);--awb-caption-title-letter-spacing:var(--h2_typography-letter-spacing);\"><span class=\" fusion-imageframe imageframe-none imageframe-2 hover-type-none\"><img decoding=\"async\" width=\"1500\" height=\"1000\" title=\"mistrik-3764\" src=\"https:\/\/www.chatamistrik.sk\/wp-content\/uploads\/2019\/10\/mistrik-3764.jpg\" alt class=\"img-responsive wp-image-1491\" srcset=\"https:\/\/www.chatamistrik.sk\/wp-content\/uploads\/2019\/10\/mistrik-3764-200x133.jpg 200w, https:\/\/www.chatamistrik.sk\/wp-content\/uploads\/2019\/10\/mistrik-3764-400x267.jpg 400w, https:\/\/www.chatamistrik.sk\/wp-content\/uploads\/2019\/10\/mistrik-3764-600x400.jpg 600w, https:\/\/www.chatamistrik.sk\/wp-content\/uploads\/2019\/10\/mistrik-3764-800x533.jpg 800w, https:\/\/www.chatamistrik.sk\/wp-content\/uploads\/2019\/10\/mistrik-3764-1200x800.jpg 1200w, https:\/\/www.chatamistrik.sk\/wp-content\/uploads\/2019\/10\/mistrik-3764.jpg 1500w\" sizes=\"(max-width: 800px) 100vw, 600px\" \/><\/span><\/div><div class=\"fusion-clearfix\"><\/div><\/div><\/div><div class=\"fusion-layout-column fusion_builder_column fusion-builder-column-5 fusion_builder_column_1_2 1_2 fusion-one-half fusion-column-last\" style=\"--awb-bg-size:cover;width:50%;width:calc(50% - ( ( 4% ) * 0.5 ) );\"><div class=\"fusion-column-wrapper fusion-column-has-shadow fusion-flex-column-wrapper-legacy\"><div class=\"fusion-image-element in-legacy-container\" style=\"--awb-caption-title-font-family:var(--h2_typography-font-family);--awb-caption-title-font-weight:var(--h2_typography-font-weight);--awb-caption-title-font-style:var(--h2_typography-font-style);--awb-caption-title-size:var(--h2_typography-font-size);--awb-caption-title-transform:var(--h2_typography-text-transform);--awb-caption-title-line-height:var(--h2_typography-line-height);--awb-caption-title-letter-spacing:var(--h2_typography-letter-spacing);\"><span class=\" fusion-imageframe imageframe-none imageframe-3 hover-type-none\"><img decoding=\"async\" width=\"1500\" height=\"1000\" title=\"mistrik-3705\" src=\"https:\/\/www.chatamistrik.sk\/wp-content\/uploads\/2019\/10\/mistrik-3705.jpg\" alt class=\"img-responsive wp-image-1488\" srcset=\"https:\/\/www.chatamistrik.sk\/wp-content\/uploads\/2019\/10\/mistrik-3705-200x133.jpg 200w, https:\/\/www.chatamistrik.sk\/wp-content\/uploads\/2019\/10\/mistrik-3705-400x267.jpg 400w, https:\/\/www.chatamistrik.sk\/wp-content\/uploads\/2019\/10\/mistrik-3705-600x400.jpg 600w, https:\/\/www.chatamistrik.sk\/wp-content\/uploads\/2019\/10\/mistrik-3705-800x533.jpg 800w, https:\/\/www.chatamistrik.sk\/wp-content\/uploads\/2019\/10\/mistrik-3705-1200x800.jpg 1200w, https:\/\/www.chatamistrik.sk\/wp-content\/uploads\/2019\/10\/mistrik-3705.jpg 1500w\" sizes=\"(max-width: 800px) 100vw, 600px\" \/><\/span><\/div><div class=\"fusion-clearfix\"><\/div><\/div><\/div><div class=\"fusion-layout-column fusion_builder_column fusion-builder-column-6 fusion_builder_column_1_1 1_1 fusion-one-full fusion-column-first fusion-column-last\" style=\"--awb-bg-size:cover;\"><div class=\"fusion-column-wrapper fusion-column-has-shadow fusion-flex-column-wrapper-legacy\"><div class=\"fusion-clearfix\"><\/div><\/div><\/div><\/div><\/div><\/p>\n","protected":false},"excerpt":{"rendered":"","protected":false},"author":1,"featured_media":0,"parent":0,"menu_order":0,"comment_status":"closed","ping_status":"closed","template":"100-width.php","meta":{"footnotes":""},"class_list":["post-1436","page","type-page","status-publish","hentry"],"yoast_head":"<!-- This site is optimized with the Yoast SEO plugin v25.8 - https:\/\/yoast.com\/wordpress\/plugins\/seo\/ -->\n<title>R\u00f3lunk - Chata Mistr\u00edk<\/title>\n<meta name=\"robots\" content=\"index, follow, max-snippet:-1, max-image-preview:large, max-video-preview:-1\" \/>\n<link rel=\"canonical\" href=\"https:\/\/www.chatamistrik.sk\/hu\/rolunk\/\" \/>\n<meta property=\"og:locale\" content=\"hu_HU\" \/>\n<meta property=\"og:type\" content=\"article\" \/>\n<meta property=\"og:title\" content=\"R\u00f3lunk - Chata Mistr\u00edk\" \/>\n<meta property=\"og:url\" content=\"https:\/\/www.chatamistrik.sk\/hu\/rolunk\/\" \/>\n<meta property=\"og:site_name\" content=\"Chata Mistr\u00edk\" \/>\n<meta property=\"article:modified_time\" content=\"2019-12-12T15:51:08+00:00\" \/>\n<meta name=\"twitter:card\" content=\"summary_large_image\" \/>\n<meta name=\"twitter:label1\" content=\"Becs\u00fclt olvas\u00e1si id\u0151\" \/>\n\t<meta name=\"twitter:data1\" content=\"9 perc\" \/>\n<script type=\"application\/ld+json\" class=\"yoast-schema-graph\">{\"@context\":\"https:\/\/schema.org\",\"@graph\":[{\"@type\":\"WebPage\",\"@id\":\"https:\/\/www.chatamistrik.sk\/hu\/rolunk\/\",\"url\":\"https:\/\/www.chatamistrik.sk\/hu\/rolunk\/\",\"name\":\"R\u00f3lunk - Chata Mistr\u00edk\",\"isPartOf\":{\"@id\":\"https:\/\/www.chatamistrik.sk\/#website\"},\"datePublished\":\"2019-12-12T15:50:35+00:00\",\"dateModified\":\"2019-12-12T15:51:08+00:00\",\"breadcrumb\":{\"@id\":\"https:\/\/www.chatamistrik.sk\/hu\/rolunk\/#breadcrumb\"},\"inLanguage\":\"hu\",\"potentialAction\":[{\"@type\":\"ReadAction\",\"target\":[\"https:\/\/www.chatamistrik.sk\/hu\/rolunk\/\"]}]},{\"@type\":\"BreadcrumbList\",\"@id\":\"https:\/\/www.chatamistrik.sk\/hu\/rolunk\/#breadcrumb\",\"itemListElement\":[{\"@type\":\"ListItem\",\"position\":1,\"name\":\"Home\",\"item\":\"https:\/\/www.chatamistrik.sk\/hu\/\"},{\"@type\":\"ListItem\",\"position\":2,\"name\":\"R\u00f3lunk\"}]},{\"@type\":\"WebSite\",\"@id\":\"https:\/\/www.chatamistrik.sk\/#website\",\"url\":\"https:\/\/www.chatamistrik.sk\/\",\"name\":\"Chata Mistr\u00edk\",\"description\":\"Len \u010fal\u0161ia WordPress str\u00e1nka\",\"potentialAction\":[{\"@type\":\"SearchAction\",\"target\":{\"@type\":\"EntryPoint\",\"urlTemplate\":\"https:\/\/www.chatamistrik.sk\/?s={search_term_string}\"},\"query-input\":{\"@type\":\"PropertyValueSpecification\",\"valueRequired\":true,\"valueName\":\"search_term_string\"}}],\"inLanguage\":\"hu\"}]}<\/script>\n<!-- \/ Yoast SEO plugin. -->","yoast_head_json":{"title":"R\u00f3lunk - Chata Mistr\u00edk","robots":{"index":"index","follow":"follow","max-snippet":"max-snippet:-1","max-image-preview":"max-image-preview:large","max-video-preview":"max-video-preview:-1"},"canonical":"https:\/\/www.chatamistrik.sk\/hu\/rolunk\/","og_locale":"hu_HU","og_type":"article","og_title":"R\u00f3lunk - Chata Mistr\u00edk","og_url":"https:\/\/www.chatamistrik.sk\/hu\/rolunk\/","og_site_name":"Chata Mistr\u00edk","article_modified_time":"2019-12-12T15:51:08+00:00","twitter_card":"summary_large_image","twitter_misc":{"Becs\u00fclt olvas\u00e1si id\u0151":"9 perc"},"schema":{"@context":"https:\/\/schema.org","@graph":[{"@type":"WebPage","@id":"https:\/\/www.chatamistrik.sk\/hu\/rolunk\/","url":"https:\/\/www.chatamistrik.sk\/hu\/rolunk\/","name":"R\u00f3lunk - Chata Mistr\u00edk","isPartOf":{"@id":"https:\/\/www.chatamistrik.sk\/#website"},"datePublished":"2019-12-12T15:50:35+00:00","dateModified":"2019-12-12T15:51:08+00:00","breadcrumb":{"@id":"https:\/\/www.chatamistrik.sk\/hu\/rolunk\/#breadcrumb"},"inLanguage":"hu","potentialAction":[{"@type":"ReadAction","target":["https:\/\/www.chatamistrik.sk\/hu\/rolunk\/"]}]},{"@type":"BreadcrumbList","@id":"https:\/\/www.chatamistrik.sk\/hu\/rolunk\/#breadcrumb","itemListElement":[{"@type":"ListItem","position":1,"name":"Home","item":"https:\/\/www.chatamistrik.sk\/hu\/"},{"@type":"ListItem","position":2,"name":"R\u00f3lunk"}]},{"@type":"WebSite","@id":"https:\/\/www.chatamistrik.sk\/#website","url":"https:\/\/www.chatamistrik.sk\/","name":"Chata Mistr\u00edk","description":"Len \u010fal\u0161ia WordPress str\u00e1nka","potentialAction":[{"@type":"SearchAction","target":{"@type":"EntryPoint","urlTemplate":"https:\/\/www.chatamistrik.sk\/?s={search_term_string}"},"query-input":{"@type":"PropertyValueSpecification","valueRequired":true,"valueName":"search_term_string"}}],"inLanguage":"hu"}]}},"_links":{"self":[{"href":"https:\/\/www.chatamistrik.sk\/hu\/wp-json\/wp\/v2\/pages\/1436","targetHints":{"allow":["GET"]}}],"collection":[{"href":"https:\/\/www.chatamistrik.sk\/hu\/wp-json\/wp\/v2\/pages"}],"about":[{"href":"https:\/\/www.chatamistrik.sk\/hu\/wp-json\/wp\/v2\/types\/page"}],"author":[{"embeddable":true,"href":"https:\/\/www.chatamistrik.sk\/hu\/wp-json\/wp\/v2\/users\/1"}],"replies":[{"embeddable":true,"href":"https:\/\/www.chatamistrik.sk\/hu\/wp-json\/wp\/v2\/comments?post=1436"}],"version-history":[{"count":3,"href":"https:\/\/www.chatamistrik.sk\/hu\/wp-json\/wp\/v2\/pages\/1436\/revisions"}],"predecessor-version":[{"id":1479,"href":"https:\/\/www.chatamistrik.sk\/hu\/wp-json\/wp\/v2\/pages\/1436\/revisions\/1479"}],"wp:attachment":[{"href":"https:\/\/www.chatamistrik.sk\/hu\/wp-json\/wp\/v2\/media?parent=1436"}],"curies":[{"name":"wp","href":"https:\/\/api.w.org\/{rel}","templated":true}]}}