{"id":1443,"date":"2019-12-13T08:58:10","date_gmt":"2019-12-13T07:58:10","guid":{"rendered":"https:\/\/www.chatamistrik.sk\/?page_id=1443"},"modified":"2021-08-09T16:09:18","modified_gmt":"2021-08-09T14:09:18","slug":"altalanos-uzleti-feltetelek","status":"publish","type":"page","link":"https:\/\/www.chatamistrik.sk\/hu\/altalanos-uzleti-feltetelek\/","title":{"rendered":"\u00c1ltal\u00e1nos \u00fczleti felt\u00e9telek"},"content":{"rendered":"<p>A Mistr\u00edk V\u00edkendh\u00e1zak r\u00f6vid \u00e9s hossz\u00fa t\u00e1v\u00fa b\u00e9rl\u00e9s\u00e9nek \u00e1ltal\u00e1nos felt\u00e9telei.<\/p>\n<p><strong>1. \u00c1ltal\u00e1nos rendelkez\u00e9sek<\/strong><br \/>\nA szolg\u00e1ltat\u00f3 szolg\u00e1ltat\u00e1sai els\u0151sorban a h\u00e1z r\u00f6vid t\u00e1v\u00fa \u00e9s hossz\u00fa t\u00e1v\u00fa b\u00e9rl\u00e9s\u00e9t jelentik az \u00fcgyf\u00e9l sz\u00e1m\u00e1ra. A szerz\u0151d\u00e9s c\u00e9lja annak biztos\u00edt\u00e1sa, hogy az \u00fcgyf\u00e9l tart\u00f3zkodjon a meg\u00e1llapod\u00e1s szerinti id\u0151tartamban \u00e9s hat\u00e1lyban.<\/p>\n<p>Csak regisztr\u00e1lt szem\u00e9lyek sz\u00e1ma fogadhat\u00f3 el, a szem\u00e9lyek n\u00f6veked\u00e9s\u00e9t el\u0151re be kell jelenteni \u00e9s fizetni kell.<\/p>\n<p>Az \u00fcgyf\u00e9l felel az eszk\u00f6z k\u00e1rosod\u00e1s\u00e1\u00e9rt, amelyet maga vagy a t\u00e1rsalg\u00e1st haszn\u00e1l\u00f3 emberek okoztak. Minden sz\u00e1nd\u00e9kosan vagy gondatlans\u00e1gb\u00f3l okozott k\u00e1rokat vagyon megsemmis\u00edt\u00e9s\u00e9nek kell tekinteni, \u00e9s az \u00fcgyf\u00e9l k\u00f6teles a felmer\u00fclt k\u00e1rokat megfizetni.<\/p>\n<p>Az \u00fcgyf\u00e9l k\u00f6teles halad\u00e9ktalanul \u00e9rtes\u00edteni a h\u00e1zban vagy a szomsz\u00e9dos f\u00f6ldter\u00fcleten \u00e9szlelt hib\u00e1kat vagy hi\u00e1nyoss\u00e1gokat.<\/p>\n<p>A k\u00e1r bejelent\u00e9sekor az \u00e1r 100% -a ker\u00fcl felsz\u00e1mol\u00e1sra. A sz\u00e1nd\u00e9kos elrejt\u00e9s az \u00e1r 200% -\u00e1t terheli. Ha az \u00fcgyf\u00e9l nem fizeti meg a meg\u00e1llapodott \u00f6sszeget, a k\u00f6zvet\u00edt\u0151 a k\u00f6vetel\u00e9st a k\u00f6zvet\u00edt\u0151 k\u00e9pviselet\u00e9re felhatalmazott harmadik f\u00e9lnek ruh\u00e1zza \u00e1t.<\/p>\n<p>Az \u00fcgyf\u00e9l v\u00e1llalja, hogy a h\u00e1z felszerel\u00e9s\u00e9ben az \u0151 vagy a h\u00e1z haszn\u00e1l\u00f3 szem\u00e9lyek \u00e1ltal okozott k\u00e1rok miatt felmer\u00fclt \u00f6sszes k\u00f6lts\u00e9get megt\u00e9r\u00edti.<\/p>\n<p>A b\u00e9rleti szerz\u0151d\u00e9s megsz\u0171n\u00e9sekor a b\u00e9rl\u0151 v\u00e1llalja, hogy \u00e1tadja a h\u00e1zat abban az \u00e1llapotban, amelyben azt \u00e1tvett\u00e9k.<\/p>\n<p>Baleset, szem\u00e9lyi s\u00e9r\u00fcl\u00e9s vagy m\u00e1s el\u0151re nem l\u00e1that\u00f3 k\u00f6r\u00fclm\u00e9ny eset\u00e9n a b\u00e9rbead\u00f3 vagy k\u00e9pvisel\u0151je nem v\u00e1llal felel\u0151ss\u00e9get.<\/p>\n<p>A doh\u00e1nyz\u00e1s a h\u00e1z minden ter\u00fclet\u00e9n tilos. A doh\u00e1nyz\u00e1s a fah\u00e1z ter\u00fclet\u00e9n k\u00edv\u00fcl megengedett, \u00e9s a ny\u00e1rsat egym\u00e1s ut\u00e1n meg lehet tiszt\u00edtani.<\/p>\n<p>Az \u00e9jszakai pihen\u00e9s 22:00 &#8211; 06:00.<\/p>\n<p>Az \u00fcgyf\u00e9l az eg\u00e9sz h\u00e1zban \u00e9s k\u00f6rny\u00e9k\u00e9n nem v\u00e9gezhet v\u00e1ltoztat\u00e1sokat vagy jav\u00edt\u00e1sokat az elektromos berendez\u00e9sekben, vagy egy\u00e9b m\u00f3don nem zavarhatja az elektromos szerel\u00e9st.<\/p>\n<p>A Szolg\u00e1ltat\u00f3 fenntartja a jogot a tart\u00f3zkod\u00e1s azonnali megsz\u00fcntet\u00e9s\u00e9re, ha az \u00dcgyf\u00e9l megs\u00e9rti ezeket az \u00c1ltal\u00e1nos Szerz\u0151d\u00e9si Felt\u00e9teleket, vagy jelent\u0151s k\u00e1rokat okozott a h\u00e1zra \u00e9s annak l\u00e9tes\u00edtm\u00e9nyeire, vagy ha az \u00dcgyf\u00e9l \u00e9s az azt haszn\u00e1l\u00f3 szem\u00e9lyek viselked\u00e9se el\u00e9rhetetlen.<\/p>\n<p>Ugyanakkor a Chata Mistr\u00edk \u00fczemeltet\u0151je fenntartja a jogot, hogy ne engedje meg a tov\u00e1bbi tart\u00f3zkod\u00e1st azoknak az \u00fcgyfeleknek, akiknek viselked\u00e9se a m\u00faltban t\u00f6rt\u00e9nt.<\/p>\n<p>A let\u00e9t befizet\u00e9s\u00e9vel az \u00fcgyf\u00e9l elfogadja a lemond\u00e1si felt\u00e9teleket, \u00e9s meger\u0151s\u00edti, hogy tiszt\u00e1ban van ezekkel a tart\u00f3zkod\u00e1s \u00e1ltal\u00e1nos \u00fczleti felt\u00e9teleivel, meg\u00e9rti azokat, egyet\u00e9rt vel\u00fck \u00e9s teljes m\u00e9rt\u00e9kben elfogadja azokat.<\/p>\n<p><strong>2. Id\u0151korl\u00e1t<\/strong><br \/>\nA szolg\u00e1ltat\u00f3 \u00e9s a felhaszn\u00e1l\u00f3 k\u00f6z\u00f6tti szerz\u0151d\u00e9ses kapcsolat akkor mer\u00fcl fel, ha a telefonos megrendel\u00e9st vagy a megrendel\u0151lapot a b\u00e9rbead\u00f3 meger\u0151s\u00edti, \u00e9s a sz\u00e1ll\u00e1s\u00e9rt a teljes \u00f6sszeget fizeti a b\u00e9rl\u0151nek (\u00fcgyfeleknek). A szerz\u0151d\u00e9ses kapcsolat azt az egyeztetett id\u0151szakot k\u00f6vet\u0151en fejez\u0151dik be, amelyre a tart\u00f3zkod\u00e1st lefoglalt\u00e1k.<\/p>\n<p><strong>3. Rendel\u00e9s<\/strong><br \/>\nAz \u00fcgyf\u00e9l tart\u00f3zkod\u00e1s\u00e1t k\u00f6zvetlen\u00fcl a weboldalon kereszt\u00fcl rendelheti meg:<br \/>\n<a href=\"http:\/\/www.chatamistrik.sk\/\">www.chatamistrik.sk<\/a><\/p>\n<p>Ilyen megrendel\u00e9s eset\u00e9n a Szolg\u00e1ltat\u00f3 v\u00e1llalja, hogy legk\u00e9s\u0151bb 3 napon bel\u00fcl \u00e9rtes\u00edti az \u00dcgyfelet megrendel\u00e9s\u00e9nek elfogad\u00e1s\u00e1r\u00f3l \u00e9s a h\u00e1z fenntart\u00e1s\u00e1r\u00f3l, melyet a B\u00e9rbead\u00f3 csak a fizet\u00e9s \u00e9s a teljes \u00f6sszegnek a B\u00e9rbead\u00f3 sz\u00e1ml\u00e1j\u00e1n t\u00f6rt\u00e9n\u0151 j\u00f3v\u00e1\u00edr\u00e1sa ut\u00e1n k\u00f6telez.<\/p>\n<p><strong>4. B\u00e9rleti \u00e1r<\/strong><br \/>\nA kapott b\u00e9rleti d\u00edj az \u00fcgyf\u00e9l ig\u00e9nyein alapul, \u00e9s a weboldalon k\u00f6zz\u00e9tett \u00e9rv\u00e9nyes \u00e1rlista szerint:<br \/>\n<a href=\"http:\/\/www.chatamistrik.sk\/\">www.chatamistrik.sk<\/a><\/p>\n<p><strong>5. Fizet\u00e9si felt\u00e9telek<\/strong><br \/>\nA tart\u00f3zkod\u00e1s teljes \u00f6sszeg\u00e9t 3 napon bel\u00fcl kell befizetni, miut\u00e1n a b\u00e9rbead\u00f3 meger\u0151s\u00edtette az el\u0151\u00edrt id\u0151pontot.<\/p>\n<p>A foglal\u00e1s mindk\u00e9t f\u00e9l sz\u00e1m\u00e1ra k\u00f6telez\u0151, csak a befizet\u00e9s ut\u00e1n a b\u00e9rbead\u00f3 sz\u00e1ml\u00e1j\u00e1ra.<\/p>\n<p>A sz\u00e1ll\u00e1s \u00e1ra tartalmazza a h\u00e1z haszn\u00e1lat\u00e1\u00e9rt fizetend\u0151 d\u00edjakat.<\/p>\n<p>Az \u00fcgyf\u00e9l apartmanonk\u00e9nt 100 eur\u00f3 visszat\u00e9r\u00edtend\u0151 let\u00e9tet fizet, amikor a tart\u00f3zkod\u00e1s\u00e9rt p\u00e9nzt utal \u00e1t a sz\u00e1ml\u00e1ra, \u00e9s a h\u00e1z s\u00e9r\u00fcl\u00e9smentes \u00e1tad\u00e1sa ut\u00e1n a let\u00e9t 48 \u00f3r\u00e1n bel\u00fcl visszat\u00e9r a banksz\u00e1ml\u00e1ra.<\/p>\n<p><strong>6. Az \u00fcgyf\u00e9l \u00e9s a szolg\u00e1ltat\u00f3 jogai \u00e9s k\u00f6telezetts\u00e9gei<\/strong><br \/>\nAz \u00fcgyf\u00e9l k\u00f6teles megfizetni a b\u00e9rleti d\u00edjat.<\/p>\n<p>Az \u00fcgyf\u00e9l k\u00f6teles tisztas\u00e1got \u00e9s rendet fenntartani.<\/p>\n<p>Az \u00fcgyf\u00e9lnek joga van b\u00e9relt helyis\u00e9gek, kert, rejt\u00e9lyes grill, kerti kandall\u00f3, pavilon, fenntartott parkol\u00f3, k\u00f6z\u00f6s s\u00edterem, szauna haszn\u00e1lat\u00e1hoz<\/p>\n<p>Ha ez jogi szem\u00e9ly, \u00e9rtes\u00edtse a meghatalmazott szem\u00e9lyt.<\/p>\n<p><strong>7. A sz\u00e1ll\u00e1s \u00e1ra nem tartalmazza az \u00fcgyf\u00e9l biztos\u00edt\u00e1s\u00e1t.<\/strong><\/p>\n<p><strong>8. Megrendel\u00e9s t\u00f6rl\u00e9se<\/strong><br \/>\na) Ha a megrendel\u00e9st az \u00fcgyf\u00e9l t\u00f6rli, a b\u00e9rleti szolg\u00e1ltat\u00f3 jogosult a lemond\u00e1si d\u00edjra.<\/p>\n<p>A lemond\u00e1si d\u00edj:<br \/>\n&#8211; t\u00f6bb mint 30 nappal a tart\u00f3zkod\u00e1s kezdete el\u0151tt &#8211; a tart\u00f3zkod\u00e1s teljes \u00e1r\u00e1nak 30% -a<br \/>\n&#8211; kevesebb, mint 30 nap (bele\u00e9rtve) &#8211; a tart\u00f3zkod\u00e1s teljes \u00f6sszeg\u00e9nek 50% -a<br \/>\n&#8211; Korai felmond\u00e1s &#8211; a fennmarad\u00f3 napok 80% -a, hacsak m\u00e1sk\u00e9nt nem \u00e1llapodnak meg.<br \/>\n&#8211; egy h\u00e9ttel az \u00e9rkez\u00e9s el\u0151tt a sz\u00e1ll\u00e1s teljes \u00e1r\u00e1nak 100% -a.<\/p>\n<p>b) A Szolg\u00e1ltat\u00f3 fenntartja a jogot a foglal\u00e1s lemond\u00e1s\u00e1ra, ha a l\u00edzing t\u00e1rgya el\u0151re nem l\u00e1that\u00f3 esem\u00e9nyek miatt nem lenne haszn\u00e1lhat\u00f3. Ebben az esetben az \u00fcgyf\u00e9l r\u00e9sz\u00e9re teljes eg\u00e9sz\u00e9ben visszat\u00e9r\u00edtheti az \u00e1tutalt \u00f6sszeget, ill. \u00e1llapodjon meg a csere d\u00e1tum\u00e1r\u00f3l.<\/p>\n<p>c) A megrendel\u00e9s tov\u00e1bbi m\u00f3dos\u00edt\u00e1sait (a hat\u00e1rid\u0151 megv\u00e1ltoztat\u00e1s\u00e1t) a megrendel\u00e9s visszavon\u00e1s\u00e1nak kell tekinteni, amely esetben a b\u00e9rleti szolg\u00e1ltat\u00f3 jogosult a lemond\u00e1si d\u00edjra.<\/p>\n","protected":false},"excerpt":{"rendered":"<p>A Mistr\u00edk V\u00edkendh\u00e1zak r\u00f6vid \u00e9s hossz\u00fa t\u00e1v\u00fa b\u00e9rl\u00e9s\u00e9nek \u00e1ltal\u00e1nos felt\u00e9telei. 1. \u00c1ltal\u00e1nos rendelkez\u00e9sek A szolg\u00e1ltat\u00f3 szolg\u00e1ltat\u00e1sai els\u0151sorban a h\u00e1z r\u00f6vid t\u00e1v\u00fa \u00e9s hossz\u00fa t\u00e1v\u00fa b\u00e9rl\u00e9s\u00e9t  [&#8230;]<\/p>\n","protected":false},"author":1,"featured_media":0,"parent":0,"menu_order":0,"comment_status":"closed","ping_status":"closed","template":"","meta":{"footnotes":""},"class_list":["post-1443","page","type-page","status-publish","hentry"],"yoast_head":"<!-- This site is optimized with the Yoast SEO plugin v25.8 - https:\/\/yoast.com\/wordpress\/plugins\/seo\/ -->\n<title>\u00c1ltal\u00e1nos \u00fczleti felt\u00e9telek - Chata Mistr\u00edk<\/title>\n<meta name=\"robots\" content=\"index, follow, max-snippet:-1, max-image-preview:large, max-video-preview:-1\" \/>\n<link rel=\"canonical\" href=\"https:\/\/www.chatamistrik.sk\/hu\/altalanos-uzleti-feltetelek\/\" \/>\n<meta property=\"og:locale\" content=\"hu_HU\" \/>\n<meta property=\"og:type\" content=\"article\" \/>\n<meta property=\"og:title\" content=\"\u00c1ltal\u00e1nos \u00fczleti felt\u00e9telek - Chata Mistr\u00edk\" \/>\n<meta property=\"og:description\" content=\"A Mistr\u00edk V\u00edkendh\u00e1zak r\u00f6vid \u00e9s hossz\u00fa t\u00e1v\u00fa b\u00e9rl\u00e9s\u00e9nek \u00e1ltal\u00e1nos felt\u00e9telei. 1. \u00c1ltal\u00e1nos rendelkez\u00e9sek A szolg\u00e1ltat\u00f3 szolg\u00e1ltat\u00e1sai els\u0151sorban a h\u00e1z r\u00f6vid t\u00e1v\u00fa \u00e9s hossz\u00fa t\u00e1v\u00fa b\u00e9rl\u00e9s\u00e9t [...]\" \/>\n<meta property=\"og:url\" content=\"https:\/\/www.chatamistrik.sk\/hu\/altalanos-uzleti-feltetelek\/\" \/>\n<meta property=\"og:site_name\" content=\"Chata Mistr\u00edk\" \/>\n<meta property=\"article:modified_time\" content=\"2021-08-09T14:09:18+00:00\" \/>\n<meta name=\"twitter:card\" content=\"summary_large_image\" \/>\n<meta name=\"twitter:label1\" content=\"Becs\u00fclt olvas\u00e1si id\u0151\" \/>\n\t<meta name=\"twitter:data1\" content=\"6 perc\" \/>\n<script type=\"application\/ld+json\" class=\"yoast-schema-graph\">{\"@context\":\"https:\/\/schema.org\",\"@graph\":[{\"@type\":\"WebPage\",\"@id\":\"https:\/\/www.chatamistrik.sk\/hu\/altalanos-uzleti-feltetelek\/\",\"url\":\"https:\/\/www.chatamistrik.sk\/hu\/altalanos-uzleti-feltetelek\/\",\"name\":\"\u00c1ltal\u00e1nos \u00fczleti felt\u00e9telek - Chata Mistr\u00edk\",\"isPartOf\":{\"@id\":\"https:\/\/www.chatamistrik.sk\/#website\"},\"datePublished\":\"2019-12-13T07:58:10+00:00\",\"dateModified\":\"2021-08-09T14:09:18+00:00\",\"breadcrumb\":{\"@id\":\"https:\/\/www.chatamistrik.sk\/hu\/altalanos-uzleti-feltetelek\/#breadcrumb\"},\"inLanguage\":\"hu\",\"potentialAction\":[{\"@type\":\"ReadAction\",\"target\":[\"https:\/\/www.chatamistrik.sk\/hu\/altalanos-uzleti-feltetelek\/\"]}]},{\"@type\":\"BreadcrumbList\",\"@id\":\"https:\/\/www.chatamistrik.sk\/hu\/altalanos-uzleti-feltetelek\/#breadcrumb\",\"itemListElement\":[{\"@type\":\"ListItem\",\"position\":1,\"name\":\"Home\",\"item\":\"https:\/\/www.chatamistrik.sk\/hu\/\"},{\"@type\":\"ListItem\",\"position\":2,\"name\":\"\u00c1ltal\u00e1nos \u00fczleti felt\u00e9telek\"}]},{\"@type\":\"WebSite\",\"@id\":\"https:\/\/www.chatamistrik.sk\/#website\",\"url\":\"https:\/\/www.chatamistrik.sk\/\",\"name\":\"Chata Mistr\u00edk\",\"description\":\"Len \u010fal\u0161ia WordPress str\u00e1nka\",\"potentialAction\":[{\"@type\":\"SearchAction\",\"target\":{\"@type\":\"EntryPoint\",\"urlTemplate\":\"https:\/\/www.chatamistrik.sk\/?s={search_term_string}\"},\"query-input\":{\"@type\":\"PropertyValueSpecification\",\"valueRequired\":true,\"valueName\":\"search_term_string\"}}],\"inLanguage\":\"hu\"}]}<\/script>\n<!-- \/ Yoast SEO plugin. -->","yoast_head_json":{"title":"\u00c1ltal\u00e1nos \u00fczleti felt\u00e9telek - Chata Mistr\u00edk","robots":{"index":"index","follow":"follow","max-snippet":"max-snippet:-1","max-image-preview":"max-image-preview:large","max-video-preview":"max-video-preview:-1"},"canonical":"https:\/\/www.chatamistrik.sk\/hu\/altalanos-uzleti-feltetelek\/","og_locale":"hu_HU","og_type":"article","og_title":"\u00c1ltal\u00e1nos \u00fczleti felt\u00e9telek - Chata Mistr\u00edk","og_description":"A Mistr\u00edk V\u00edkendh\u00e1zak r\u00f6vid \u00e9s hossz\u00fa t\u00e1v\u00fa b\u00e9rl\u00e9s\u00e9nek \u00e1ltal\u00e1nos felt\u00e9telei. 1. \u00c1ltal\u00e1nos rendelkez\u00e9sek A szolg\u00e1ltat\u00f3 szolg\u00e1ltat\u00e1sai els\u0151sorban a h\u00e1z r\u00f6vid t\u00e1v\u00fa \u00e9s hossz\u00fa t\u00e1v\u00fa b\u00e9rl\u00e9s\u00e9t [...]","og_url":"https:\/\/www.chatamistrik.sk\/hu\/altalanos-uzleti-feltetelek\/","og_site_name":"Chata Mistr\u00edk","article_modified_time":"2021-08-09T14:09:18+00:00","twitter_card":"summary_large_image","twitter_misc":{"Becs\u00fclt olvas\u00e1si id\u0151":"6 perc"},"schema":{"@context":"https:\/\/schema.org","@graph":[{"@type":"WebPage","@id":"https:\/\/www.chatamistrik.sk\/hu\/altalanos-uzleti-feltetelek\/","url":"https:\/\/www.chatamistrik.sk\/hu\/altalanos-uzleti-feltetelek\/","name":"\u00c1ltal\u00e1nos \u00fczleti felt\u00e9telek - Chata Mistr\u00edk","isPartOf":{"@id":"https:\/\/www.chatamistrik.sk\/#website"},"datePublished":"2019-12-13T07:58:10+00:00","dateModified":"2021-08-09T14:09:18+00:00","breadcrumb":{"@id":"https:\/\/www.chatamistrik.sk\/hu\/altalanos-uzleti-feltetelek\/#breadcrumb"},"inLanguage":"hu","potentialAction":[{"@type":"ReadAction","target":["https:\/\/www.chatamistrik.sk\/hu\/altalanos-uzleti-feltetelek\/"]}]},{"@type":"BreadcrumbList","@id":"https:\/\/www.chatamistrik.sk\/hu\/altalanos-uzleti-feltetelek\/#breadcrumb","itemListElement":[{"@type":"ListItem","position":1,"name":"Home","item":"https:\/\/www.chatamistrik.sk\/hu\/"},{"@type":"ListItem","position":2,"name":"\u00c1ltal\u00e1nos \u00fczleti felt\u00e9telek"}]},{"@type":"WebSite","@id":"https:\/\/www.chatamistrik.sk\/#website","url":"https:\/\/www.chatamistrik.sk\/","name":"Chata Mistr\u00edk","description":"Len \u010fal\u0161ia WordPress str\u00e1nka","potentialAction":[{"@type":"SearchAction","target":{"@type":"EntryPoint","urlTemplate":"https:\/\/www.chatamistrik.sk\/?s={search_term_string}"},"query-input":{"@type":"PropertyValueSpecification","valueRequired":true,"valueName":"search_term_string"}}],"inLanguage":"hu"}]}},"_links":{"self":[{"href":"https:\/\/www.chatamistrik.sk\/hu\/wp-json\/wp\/v2\/pages\/1443","targetHints":{"allow":["GET"]}}],"collection":[{"href":"https:\/\/www.chatamistrik.sk\/hu\/wp-json\/wp\/v2\/pages"}],"about":[{"href":"https:\/\/www.chatamistrik.sk\/hu\/wp-json\/wp\/v2\/types\/page"}],"author":[{"embeddable":true,"href":"https:\/\/www.chatamistrik.sk\/hu\/wp-json\/wp\/v2\/users\/1"}],"replies":[{"embeddable":true,"href":"https:\/\/www.chatamistrik.sk\/hu\/wp-json\/wp\/v2\/comments?post=1443"}],"version-history":[{"count":3,"href":"https:\/\/www.chatamistrik.sk\/hu\/wp-json\/wp\/v2\/pages\/1443\/revisions"}],"predecessor-version":[{"id":1747,"href":"https:\/\/www.chatamistrik.sk\/hu\/wp-json\/wp\/v2\/pages\/1443\/revisions\/1747"}],"wp:attachment":[{"href":"https:\/\/www.chatamistrik.sk\/hu\/wp-json\/wp\/v2\/media?parent=1443"}],"curies":[{"name":"wp","href":"https:\/\/api.w.org\/{rel}","templated":true}]}}